{"id":2113,"date":"2025-02-19T16:15:09","date_gmt":"2025-02-19T16:15:09","guid":{"rendered":"https:\/\/dominio-teste.pt\/hugo\/?page_id=2113"},"modified":"2025-02-19T16:15:11","modified_gmt":"2025-02-19T16:15:11","slug":"politicas-de-cancelamento","status":"publish","type":"page","link":"https:\/\/hugorosasilvaterapia.pt\/index.php\/politicas-de-cancelamento\/","title":{"rendered":"Pol\u00edticas de Cancelamento"},"content":{"rendered":"\n<h2 class=\"wp-block-heading\">Pol\u00edtica de Cancelamento de Aluguer de Espa\u00e7o (Open Space e\/ou Gabinetes)<\/h2>\n\n\n\n<p>A presente Pol\u00edtica estabelece as condi\u00e7\u00f5es pelas quais se rege o aluguer de espa\u00e7os contratualizados pelo cliente \u00e0 Hugo Rosa Silva Terapia.<\/p>\n\n\n\n<p>O Cliente compromete-se a pagar o valor total referente ao aluguer de espa\u00e7os no momento da reserva.<\/p>\n\n\n\n<p>No caso de cancelamento ou desist\u00eancia:<\/p>\n\n\n\n<p>. At\u00e9 duas (2) semanas de anteced\u00eancia, ser\u00e1 devolvido 50% do valor liquidado;<\/p>\n\n\n\n<p>. Entre duas (2) semanas a dez (10) dias de anteced\u00eancia, ter\u00e1 direito ao reembolso de 25% do valor liquidado;<\/p>\n\n\n\n<p>. No prazo inferior a dez (10) dias, n\u00e3o h\u00e1 lugar a devolu\u00e7\u00e3o do valor pago.<\/p>\n\n\n\n<p>O eventual reembolso, de acordo com os termos definidos supra<em>,<\/em> ser\u00e1 feito via transfer\u00eancia banc\u00e1ria, mediante confirma\u00e7\u00e3o escrita do pedido de cancelamento.&nbsp;<\/p>\n\n\n\n<p><\/p>\n\n\n\n<h2 class=\"wp-block-heading\">Pol\u00edtica de Cancelamento de Consultas<\/h2>\n\n\n\n<p>O agendamento de consultas rege-se pelos seguintes termos:<\/p>\n\n\n\n<p>No momento da marca\u00e7\u00e3o, o cliente liquida 50% do valor da consulta e\/ou tratamentos a realizar.<\/p>\n\n\n\n<p>Poder\u00e1 cancelar uma reserva a qualquer momento e obter o reembolso do valor pago, desde que a marca\u00e7\u00e3o ocorra com mais de 24 horas de anteced\u00eancia da consulta, caso em que o reembolso do valor ser\u00e1 feito via transfer\u00eancia banc\u00e1ria.<\/p>\n\n\n\n<p>Caso o cancelamento ocorra nas 24 horas anteriores \u00e0 consulta, n\u00e3o ter\u00e1 direito a reembolso.&nbsp;<\/p>\n","protected":false},"excerpt":{"rendered":"<p>Pol\u00edtica de Cancelamento de Aluguer de Espa\u00e7o (Open Space e\/ou Gabinetes) A presente Pol\u00edtica estabelece as condi\u00e7\u00f5es pelas quais se rege o aluguer de espa\u00e7os contratualizados pelo cliente \u00e0 Hugo Rosa Silva Terapia. O Cliente compromete-se a pagar o valor total referente ao aluguer de espa\u00e7os no momento da reserva. No caso de cancelamento ou [&hellip;]<\/p>\n","protected":false},"author":1,"featured_media":0,"parent":0,"menu_order":0,"comment_status":"closed","ping_status":"closed","template":"","meta":{"_monsterinsights_skip_tracking":false,"_monsterinsights_sitenote_active":false,"_monsterinsights_sitenote_note":"","_monsterinsights_sitenote_category":0,"site-container-style":"default","site-container-layout":"default","site-sidebar-layout":"default","site-transparent-header":"default","disable-article-header":"default","disable-site-header":"default","disable-site-footer":"default","disable-content-area-spacing":"default","footnotes":""},"class_list":["post-2113","page","type-page","status-publish","hentry"],"aioseo_notices":[],"_links":{"self":[{"href":"https:\/\/hugorosasilvaterapia.pt\/index.php\/wp-json\/wp\/v2\/pages\/2113","targetHints":{"allow":["GET"]}}],"collection":[{"href":"https:\/\/hugorosasilvaterapia.pt\/index.php\/wp-json\/wp\/v2\/pages"}],"about":[{"href":"https:\/\/hugorosasilvaterapia.pt\/index.php\/wp-json\/wp\/v2\/types\/page"}],"author":[{"embeddable":true,"href":"https:\/\/hugorosasilvaterapia.pt\/index.php\/wp-json\/wp\/v2\/users\/1"}],"replies":[{"embeddable":true,"href":"https:\/\/hugorosasilvaterapia.pt\/index.php\/wp-json\/wp\/v2\/comments?post=2113"}],"version-history":[{"count":1,"href":"https:\/\/hugorosasilvaterapia.pt\/index.php\/wp-json\/wp\/v2\/pages\/2113\/revisions"}],"predecessor-version":[{"id":2115,"href":"https:\/\/hugorosasilvaterapia.pt\/index.php\/wp-json\/wp\/v2\/pages\/2113\/revisions\/2115"}],"wp:attachment":[{"href":"https:\/\/hugorosasilvaterapia.pt\/index.php\/wp-json\/wp\/v2\/media?parent=2113"}],"curies":[{"name":"wp","href":"https:\/\/api.w.org\/{rel}","templated":true}]}}